{"id":1640,"date":"2024-11-19T01:09:43","date_gmt":"2024-11-19T01:09:43","guid":{"rendered":"https:\/\/sara-summers.com\/?page_id=1640"},"modified":"2025-12-10T15:32:48","modified_gmt":"2025-12-10T15:32:48","slug":"home","status":"publish","type":"page","link":"https:\/\/sara-summers.com\/fr\/","title":{"rendered":"Home"},"content":{"rendered":"<div class=\"wp-block-uagb-image alignfull uagb-block-1368aec1 wp-block-uagb-image--layout-default wp-block-uagb-image--effect-zoomin wp-block-uagb-image--align-full\"><figure class=\"wp-block-uagb-image__figure\"><img loading=\"lazy\" decoding=\"async\" srcset=\"https:\/\/sara-summers.com\/wp-content\/uploads\/2025\/01\/logo-with-text.png ,https:\/\/sara-summers.com\/wp-content\/uploads\/2025\/01\/logo-with-text.png 780w, https:\/\/sara-summers.com\/wp-content\/uploads\/2025\/01\/logo-with-text.png 360w\" sizes=\"auto, (max-width: 480px) 150px\" src=\"https:\/\/sara-summers.com\/wp-content\/uploads\/2025\/01\/logo-with-text.png\" alt=\"Sara Summers, Graphic and Web Designer\" class=\"uag-image-1827\" width=\"4158\" height=\"1816\" title=\"Sara Summers, Graphic and Web Designer\" role=\"img\"\/><\/figure><\/div>\n\n\n\n<h1 class=\"wp-block-heading has-text-align-center about-me-button main-nav\" style=\"margin-top:0;font-size:clamp(2.418rem, 2.418rem + ((1vw - 0.2rem) * 3.266), 4.5rem);line-height:2\"><o-anim-typing>\u00c0 propos<\/o-anim-typing><\/h1>\n\n\n<div id=\"about-me\" class=\"content-container\">\n<div class=\"about-content\">\n<div class=\"css-poloroid\">\n\n\n<figure class=\"wp-block-image size-large\"><img loading=\"lazy\" decoding=\"async\" width=\"1024\" height=\"935\" src=\"https:\/\/sara-summers.com\/wp-content\/uploads\/2024\/12\/Sara-summers-employee-headshot-1024x935.jpg\" alt=\"Sara Summers - Me!\" class=\"wp-image-1739\" srcset=\"https:\/\/sara-summers.com\/wp-content\/uploads\/2024\/12\/Sara-summers-employee-headshot-1024x935.jpg 1024w, https:\/\/sara-summers.com\/wp-content\/uploads\/2024\/12\/Sara-summers-employee-headshot-600x548.jpg 600w, https:\/\/sara-summers.com\/wp-content\/uploads\/2024\/12\/Sara-summers-employee-headshot-768x701.jpg 768w, https:\/\/sara-summers.com\/wp-content\/uploads\/2024\/12\/Sara-summers-employee-headshot-500x456.jpg 500w, https:\/\/sara-summers.com\/wp-content\/uploads\/2024\/12\/Sara-summers-employee-headshot-800x730.jpg 800w, https:\/\/sara-summers.com\/wp-content\/uploads\/2024\/12\/Sara-summers-employee-headshot-1280x1168.jpg 1280w, https:\/\/sara-summers.com\/wp-content\/uploads\/2024\/12\/Sara-summers-employee-headshot.jpg 1500w\" sizes=\"auto, (max-width: 1024px) 100vw, 1024px\" \/><\/figure>\n\n\n<\/div>\n<div class=\"text-box\">\n\n\n<h2 class=\"wp-block-heading\"><strong>Salut,<\/strong><\/h2>\n\n\n\n<p>Je m'appelle Sara Summers, je suis graphiste, web designer et je passe mon temps \u00e0 me demander si je devrais re-couper mes cheveux ou non.<\/p>\n\n\n\n<p>Je suis fier de pouvoir comprendre la personnalit\u00e9 d'une marque et de la transformer en diff\u00e9rents supports marketing.  J'aime aussi beaucoup l'art et l'illustration, et je crois en l'importance de rendre les choses plaisantes \u00e0 regarder.<\/p>\n\n\n\n<p>Je travaille actuellement chez DML Creation, et je suis honor\u00e9 de pouvoir utiliser mes comp\u00e9tences dans un environnement encourageant et en constante \u00e9volution !<\/p>\n\n\n<\/div>\n<\/div>\n<\/div>\n\n\n<h1 class=\"wp-block-heading has-text-align-center is-style-default main-nav designs-button\" style=\"font-size:clamp(2.418rem, 2.418rem + ((1vw - 0.2rem) * 3.266), 4.5rem);line-height:2\">Conceptions<\/h1>\n\n\n<div id=\"designs\" class=\"content-container\">\n\n\n<figure class=\"wp-block-gallery has-nested-images columns-default is-cropped wp-block-gallery-1 is-layout-flex wp-block-gallery-is-layout-flex\" style=\"border-radius:0px;margin-top:0;margin-right:0;margin-bottom:25px;margin-left:0\">\n<figure class=\"wp-block-image size-medium is-style-default\" style=\"margin-right:0\"><a href=\"https:\/\/sara-summers.com\/fr\/division\/\"><img loading=\"lazy\" decoding=\"async\" width=\"800\" height=\"800\" data-id=\"2398\" src=\"https:\/\/sara-summers.com\/wp-content\/uploads\/2025\/07\/Division-Logo-Black-800x800.jpg\" alt=\"\" class=\"wp-image-2398\" srcset=\"https:\/\/sara-summers.com\/wp-content\/uploads\/2025\/07\/Division-Logo-Black-800x800.jpg 800w, https:\/\/sara-summers.com\/wp-content\/uploads\/2025\/07\/Division-Logo-Black-1200x1200.jpg 1200w, https:\/\/sara-summers.com\/wp-content\/uploads\/2025\/07\/Division-Logo-Black-768x768.jpg 768w, https:\/\/sara-summers.com\/wp-content\/uploads\/2025\/07\/Division-Logo-Black-500x500.jpg 500w, https:\/\/sara-summers.com\/wp-content\/uploads\/2025\/07\/Division-Logo-Black-1280x1280.jpg 1280w, https:\/\/sara-summers.com\/wp-content\/uploads\/2025\/07\/Division-Logo-Black.jpg 1528w\" sizes=\"auto, (max-width: 800px) 100vw, 800px\" \/><\/a><\/figure>\n\n\n\n<figure class=\"wp-block-image size-full\"><a href=\"https:\/\/sara-summers.com\/fr\/okombucha\/\"><img loading=\"lazy\" decoding=\"async\" width=\"793\" height=\"792\" data-id=\"2379\" src=\"https:\/\/sara-summers.com\/wp-content\/uploads\/2025\/07\/logo-orange-summerss-fitzpatrickl.jpg\" alt=\"\" class=\"wp-image-2379\" srcset=\"https:\/\/sara-summers.com\/wp-content\/uploads\/2025\/07\/logo-orange-summerss-fitzpatrickl.jpg 793w, https:\/\/sara-summers.com\/wp-content\/uploads\/2025\/07\/logo-orange-summerss-fitzpatrickl-768x767.jpg 768w, https:\/\/sara-summers.com\/wp-content\/uploads\/2025\/07\/logo-orange-summerss-fitzpatrickl-500x499.jpg 500w\" sizes=\"auto, (max-width: 793px) 100vw, 793px\" \/><\/a><\/figure>\n\n\n\n<figure class=\"wp-block-image size-large\"><a href=\"https:\/\/sara-summers.com\/fr\/tenaquip\/\"><img loading=\"lazy\" decoding=\"async\" width=\"600\" height=\"600\" data-id=\"2333\" src=\"https:\/\/sara-summers.com\/wp-content\/uploads\/2025\/07\/tenaquip-logo.png\" alt=\"\" class=\"wp-image-2333\" srcset=\"https:\/\/sara-summers.com\/wp-content\/uploads\/2025\/07\/tenaquip-logo.png 600w, https:\/\/sara-summers.com\/wp-content\/uploads\/2025\/07\/tenaquip-logo-500x500.png 500w\" sizes=\"auto, (max-width: 600px) 100vw, 600px\" \/><\/a><\/figure>\n<\/figure>\n\n\n\n\n<\/div>\n\n\n<h1 class=\"wp-block-heading has-text-align-center contact-me-button main-nav\" style=\"margin-bottom:0em;font-size:clamp(2.418rem, 2.418rem + ((1vw - 0.2rem) * 3.266), 4.5rem);line-height:2\">Contacter<\/h1>\n\n\n<div id=\"contact\" class=\"content-container\">\n\n\n<p class=\"has-text-align-center\" style=\"margin-top:0px;margin-bottom:0px\">Soit pas timide<\/p>\n\n\n\n<ul class=\"wp-block-social-links has-large-icon-size has-icon-color is-style-logos-only is-content-justification-center is-layout-flex wp-container-core-social-links-is-layout-1 wp-block-social-links-is-layout-flex\" style=\"border-radius:0px;margin-top:var(--wp--preset--spacing--20);margin-bottom:25px\"><li style=\"color: #111111; \" class=\"wp-social-link wp-social-link-mail has-contrast-color wp-block-social-link\"><a rel=\"noopener nofollow\" target=\"_blank\" href=\"mailto:s&#097;r&#097;&#115;&#117;mm&#101;rs&#046;&#100;&#101;&#115;i&#103;n&#064;&#103;&#109;&#097;&#105;&#108;.&#099;o&#109;\" class=\"wp-block-social-link-anchor\"><svg width=\"24\" height=\"24\" viewbox=\"0 0 24 24\" version=\"1.1\" xmlns=\"http:\/\/www.w3.org\/2000\/svg\" aria-hidden=\"true\" focusable=\"false\"><path d=\"M19,5H5c-1.1,0-2,.9-2,2v10c0,1.1.9,2,2,2h14c1.1,0,2-.9,2-2V7c0-1.1-.9-2-2-2zm.5,12c0,.3-.2.5-.5.5H5c-.3,0-.5-.2-.5-.5V9.8l7.5,5.6,7.5-5.6V17zm0-9.1L12,13.6,4.5,7.9V7c0-.3.2-.5.5-.5h14c.3,0,.5.2.5.5v.9z\"><\/path><\/svg><span class=\"wp-block-social-link-label screen-reader-text\">Mail<\/span><\/a><\/li>\n\n<li style=\"color: #111111; \" class=\"wp-social-link wp-social-link-linkedin has-contrast-color wp-block-social-link\"><a rel=\"noopener nofollow\" target=\"_blank\" href=\"https:\/\/www.linkedin.com\/in\/sara-summers-66aab4276\/\" class=\"wp-block-social-link-anchor\"><svg width=\"24\" height=\"24\" viewbox=\"0 0 24 24\" version=\"1.1\" xmlns=\"http:\/\/www.w3.org\/2000\/svg\" aria-hidden=\"true\" focusable=\"false\"><path d=\"M19.7,3H4.3C3.582,3,3,3.582,3,4.3v15.4C3,20.418,3.582,21,4.3,21h15.4c0.718,0,1.3-0.582,1.3-1.3V4.3 C21,3.582,20.418,3,19.7,3z M8.339,18.338H5.667v-8.59h2.672V18.338z M7.004,8.574c-0.857,0-1.549-0.694-1.549-1.548 c0-0.855,0.691-1.548,1.549-1.548c0.854,0,1.547,0.694,1.547,1.548C8.551,7.881,7.858,8.574,7.004,8.574z M18.339,18.338h-2.669 v-4.177c0-0.996-0.017-2.278-1.387-2.278c-1.389,0-1.601,1.086-1.601,2.206v4.249h-2.667v-8.59h2.559v1.174h0.037 c0.356-0.675,1.227-1.387,2.526-1.387c2.703,0,3.203,1.779,3.203,4.092V18.338z\"><\/path><\/svg><span class=\"wp-block-social-link-label screen-reader-text\">LinkedIn<\/span><\/a><\/li>\n\n<li style=\"color: #111111; \" class=\"wp-social-link wp-social-link-instagram has-contrast-color wp-block-social-link\"><a rel=\"noopener nofollow\" target=\"_blank\" href=\"https:\/\/www.instagram.com\/sarasummers.design\/\" class=\"wp-block-social-link-anchor\"><svg width=\"24\" height=\"24\" viewbox=\"0 0 24 24\" version=\"1.1\" xmlns=\"http:\/\/www.w3.org\/2000\/svg\" aria-hidden=\"true\" focusable=\"false\"><path d=\"M12,4.622c2.403,0,2.688,0.009,3.637,0.052c0.877,0.04,1.354,0.187,1.671,0.31c0.42,0.163,0.72,0.358,1.035,0.673 c0.315,0.315,0.51,0.615,0.673,1.035c0.123,0.317,0.27,0.794,0.31,1.671c0.043,0.949,0.052,1.234,0.052,3.637 s-0.009,2.688-0.052,3.637c-0.04,0.877-0.187,1.354-0.31,1.671c-0.163,0.42-0.358,0.72-0.673,1.035 c-0.315,0.315-0.615,0.51-1.035,0.673c-0.317,0.123-0.794,0.27-1.671,0.31c-0.949,0.043-1.233,0.052-3.637,0.052 s-2.688-0.009-3.637-0.052c-0.877-0.04-1.354-0.187-1.671-0.31c-0.42-0.163-0.72-0.358-1.035-0.673 c-0.315-0.315-0.51-0.615-0.673-1.035c-0.123-0.317-0.27-0.794-0.31-1.671C4.631,14.688,4.622,14.403,4.622,12 s0.009-2.688,0.052-3.637c0.04-0.877,0.187-1.354,0.31-1.671c0.163-0.42,0.358-0.72,0.673-1.035 c0.315-0.315,0.615-0.51,1.035-0.673c0.317-0.123,0.794-0.27,1.671-0.31C9.312,4.631,9.597,4.622,12,4.622 M12,3 C9.556,3,9.249,3.01,8.289,3.054C7.331,3.098,6.677,3.25,6.105,3.472C5.513,3.702,5.011,4.01,4.511,4.511 c-0.5,0.5-0.808,1.002-1.038,1.594C3.25,6.677,3.098,7.331,3.054,8.289C3.01,9.249,3,9.556,3,12c0,2.444,0.01,2.751,0.054,3.711 c0.044,0.958,0.196,1.612,0.418,2.185c0.23,0.592,0.538,1.094,1.038,1.594c0.5,0.5,1.002,0.808,1.594,1.038 c0.572,0.222,1.227,0.375,2.185,0.418C9.249,20.99,9.556,21,12,21s2.751-0.01,3.711-0.054c0.958-0.044,1.612-0.196,2.185-0.418 c0.592-0.23,1.094-0.538,1.594-1.038c0.5-0.5,0.808-1.002,1.038-1.594c0.222-0.572,0.375-1.227,0.418-2.185 C20.99,14.751,21,14.444,21,12s-0.01-2.751-0.054-3.711c-0.044-0.958-0.196-1.612-0.418-2.185c-0.23-0.592-0.538-1.094-1.038-1.594 c-0.5-0.5-1.002-0.808-1.594-1.038c-0.572-0.222-1.227-0.375-2.185-0.418C14.751,3.01,14.444,3,12,3L12,3z M12,7.378 c-2.552,0-4.622,2.069-4.622,4.622S9.448,16.622,12,16.622s4.622-2.069,4.622-4.622S14.552,7.378,12,7.378z M12,15 c-1.657,0-3-1.343-3-3s1.343-3,3-3s3,1.343,3,3S13.657,15,12,15z M16.804,6.116c-0.596,0-1.08,0.484-1.08,1.08 s0.484,1.08,1.08,1.08c0.596,0,1.08-0.484,1.08-1.08S17.401,6.116,16.804,6.116z\"><\/path><\/svg><span class=\"wp-block-social-link-label screen-reader-text\">Instagram<\/span><\/a><\/li><\/ul>\n\n\n<\/div>\n<div id=\"poloroid-container\">\n\n\n<figure class=\"wp-block-image size-medium poloroid concert right\"><img loading=\"lazy\" decoding=\"async\" width=\"622\" height=\"800\" src=\"https:\/\/sara-summers.com\/wp-content\/uploads\/2025\/12\/PEI-622x800.jpg\" alt=\"\" class=\"wp-image-2444\" srcset=\"https:\/\/sara-summers.com\/wp-content\/uploads\/2025\/12\/PEI-622x800.jpg 622w, https:\/\/sara-summers.com\/wp-content\/uploads\/2025\/12\/PEI-933x1200.jpg 933w, https:\/\/sara-summers.com\/wp-content\/uploads\/2025\/12\/PEI-768x987.jpg 768w, https:\/\/sara-summers.com\/wp-content\/uploads\/2025\/12\/PEI-1195x1536.jpg 1195w, https:\/\/sara-summers.com\/wp-content\/uploads\/2025\/12\/PEI-1593x2048.jpg 1593w, https:\/\/sara-summers.com\/wp-content\/uploads\/2025\/12\/PEI-9x12.jpg 9w, https:\/\/sara-summers.com\/wp-content\/uploads\/2025\/12\/PEI-scaled.jpg 1991w\" sizes=\"auto, (max-width: 622px) 100vw, 622px\" \/><\/figure>\n\n\n\n<figure class=\"wp-block-image size-medium poloroid xmas left\"><img loading=\"lazy\" decoding=\"async\" width=\"622\" height=\"800\" src=\"https:\/\/sara-summers.com\/wp-content\/uploads\/2025\/12\/hiking-622x800.jpg\" alt=\"\" class=\"wp-image-2440\" srcset=\"https:\/\/sara-summers.com\/wp-content\/uploads\/2025\/12\/hiking-622x800.jpg 622w, https:\/\/sara-summers.com\/wp-content\/uploads\/2025\/12\/hiking-933x1200.jpg 933w, https:\/\/sara-summers.com\/wp-content\/uploads\/2025\/12\/hiking-768x987.jpg 768w, https:\/\/sara-summers.com\/wp-content\/uploads\/2025\/12\/hiking-1195x1536.jpg 1195w, https:\/\/sara-summers.com\/wp-content\/uploads\/2025\/12\/hiking-1593x2048.jpg 1593w, https:\/\/sara-summers.com\/wp-content\/uploads\/2025\/12\/hiking-9x12.jpg 9w, https:\/\/sara-summers.com\/wp-content\/uploads\/2025\/12\/hiking-scaled.jpg 1991w\" sizes=\"auto, (max-width: 622px) 100vw, 622px\" \/><\/figure>\n\n\n\n<figure class=\"wp-block-image size-medium poloroid grad left\"><img loading=\"lazy\" decoding=\"async\" width=\"467\" height=\"600\" src=\"https:\/\/sara-summers.com\/wp-content\/uploads\/2025\/01\/grad-467x600.jpg\" alt=\"\" class=\"wp-image-1848\" srcset=\"https:\/\/sara-summers.com\/wp-content\/uploads\/2025\/01\/grad-467x600.jpg 467w, https:\/\/sara-summers.com\/wp-content\/uploads\/2025\/01\/grad-796x1024.jpg 796w, https:\/\/sara-summers.com\/wp-content\/uploads\/2025\/01\/grad-768x987.jpg 768w, https:\/\/sara-summers.com\/wp-content\/uploads\/2025\/01\/grad-1195x1536.jpg 1195w, https:\/\/sara-summers.com\/wp-content\/uploads\/2025\/01\/grad-1593x2048.jpg 1593w, https:\/\/sara-summers.com\/wp-content\/uploads\/2025\/01\/grad-500x643.jpg 500w, https:\/\/sara-summers.com\/wp-content\/uploads\/2025\/01\/grad-800x1029.jpg 800w, https:\/\/sara-summers.com\/wp-content\/uploads\/2025\/01\/grad-1280x1646.jpg 1280w, https:\/\/sara-summers.com\/wp-content\/uploads\/2025\/01\/grad-1920x2469.jpg 1920w, https:\/\/sara-summers.com\/wp-content\/uploads\/2025\/01\/grad-scaled.jpg 1991w\" sizes=\"auto, (max-width: 467px) 100vw, 467px\" \/><\/figure>\n\n\n\n<figure class=\"wp-block-image size-medium poloroid junie left\"><img loading=\"lazy\" decoding=\"async\" width=\"467\" height=\"600\" src=\"https:\/\/sara-summers.com\/wp-content\/uploads\/2025\/01\/junie-467x600.jpg\" alt=\"\" class=\"wp-image-1849\" srcset=\"https:\/\/sara-summers.com\/wp-content\/uploads\/2025\/01\/junie-467x600.jpg 467w, https:\/\/sara-summers.com\/wp-content\/uploads\/2025\/01\/junie-796x1024.jpg 796w, https:\/\/sara-summers.com\/wp-content\/uploads\/2025\/01\/junie-768x987.jpg 768w, https:\/\/sara-summers.com\/wp-content\/uploads\/2025\/01\/junie-1195x1536.jpg 1195w, https:\/\/sara-summers.com\/wp-content\/uploads\/2025\/01\/junie-1593x2048.jpg 1593w, https:\/\/sara-summers.com\/wp-content\/uploads\/2025\/01\/junie-500x643.jpg 500w, https:\/\/sara-summers.com\/wp-content\/uploads\/2025\/01\/junie-800x1029.jpg 800w, https:\/\/sara-summers.com\/wp-content\/uploads\/2025\/01\/junie-1280x1646.jpg 1280w, https:\/\/sara-summers.com\/wp-content\/uploads\/2025\/01\/junie-1920x2469.jpg 1920w, https:\/\/sara-summers.com\/wp-content\/uploads\/2025\/01\/junie-scaled.jpg 1991w\" sizes=\"auto, (max-width: 467px) 100vw, 467px\" \/><\/figure>\n\n\n\n<figure class=\"wp-block-image size-medium poloroid vernissage right\"><img loading=\"lazy\" decoding=\"async\" width=\"467\" height=\"600\" src=\"https:\/\/sara-summers.com\/wp-content\/uploads\/2025\/01\/vernissage-467x600.jpg\" alt=\"\" class=\"wp-image-1850\" srcset=\"https:\/\/sara-summers.com\/wp-content\/uploads\/2025\/01\/vernissage-467x600.jpg 467w, https:\/\/sara-summers.com\/wp-content\/uploads\/2025\/01\/vernissage-796x1024.jpg 796w, https:\/\/sara-summers.com\/wp-content\/uploads\/2025\/01\/vernissage-768x987.jpg 768w, https:\/\/sara-summers.com\/wp-content\/uploads\/2025\/01\/vernissage-1195x1536.jpg 1195w, https:\/\/sara-summers.com\/wp-content\/uploads\/2025\/01\/vernissage-1593x2048.jpg 1593w, https:\/\/sara-summers.com\/wp-content\/uploads\/2025\/01\/vernissage-500x643.jpg 500w, https:\/\/sara-summers.com\/wp-content\/uploads\/2025\/01\/vernissage-800x1029.jpg 800w, https:\/\/sara-summers.com\/wp-content\/uploads\/2025\/01\/vernissage-1280x1646.jpg 1280w, https:\/\/sara-summers.com\/wp-content\/uploads\/2025\/01\/vernissage-1920x2469.jpg 1920w, https:\/\/sara-summers.com\/wp-content\/uploads\/2025\/01\/vernissage-scaled.jpg 1991w\" sizes=\"auto, (max-width: 467px) 100vw, 467px\" \/><\/figure>","protected":false},"excerpt":{"rendered":"<p>About Me Hey there, I\u2019m Sara Summers, graphic designer, web designer, and someone who keeps debating whether or not she should re\u2011cut&nbsp;her&nbsp;bangs. I pride myself on being able to understand a brand&#8217;s personality and transforming it into different marketing materials. I also really love art and illustration, and believe in the importance of making things [&hellip;]<\/p>","protected":false},"author":1,"featured_media":0,"parent":0,"menu_order":0,"comment_status":"closed","ping_status":"closed","template":"no-menu","meta":{"footnotes":""},"class_list":["post-1640","page","type-page","status-publish","hentry"],"aioseo_notices":[],"_links":{"self":[{"href":"https:\/\/sara-summers.com\/fr\/wp-json\/wp\/v2\/pages\/1640","targetHints":{"allow":["GET"]}}],"collection":[{"href":"https:\/\/sara-summers.com\/fr\/wp-json\/wp\/v2\/pages"}],"about":[{"href":"https:\/\/sara-summers.com\/fr\/wp-json\/wp\/v2\/types\/page"}],"author":[{"embeddable":true,"href":"https:\/\/sara-summers.com\/fr\/wp-json\/wp\/v2\/users\/1"}],"replies":[{"embeddable":true,"href":"https:\/\/sara-summers.com\/fr\/wp-json\/wp\/v2\/comments?post=1640"}],"version-history":[{"count":172,"href":"https:\/\/sara-summers.com\/fr\/wp-json\/wp\/v2\/pages\/1640\/revisions"}],"predecessor-version":[{"id":2445,"href":"https:\/\/sara-summers.com\/fr\/wp-json\/wp\/v2\/pages\/1640\/revisions\/2445"}],"wp:attachment":[{"href":"https:\/\/sara-summers.com\/fr\/wp-json\/wp\/v2\/media?parent=1640"}],"curies":[{"name":"wp","href":"https:\/\/api.w.org\/{rel}","templated":true}]}}