{"id":2283,"date":"2025-06-20T23:25:49","date_gmt":"2025-06-20T23:25:49","guid":{"rendered":"https:\/\/sara-summers.com\/?page_id=2283"},"modified":"2025-07-14T00:59:24","modified_gmt":"2025-07-14T00:59:24","slug":"okombucha","status":"publish","type":"page","link":"https:\/\/sara-summers.com\/fr\/okombucha\/","title":{"rendered":"OKombucha"},"content":{"rendered":"<figure class=\"wp-block-image aligncenter size-full is-resized\"><img loading=\"lazy\" decoding=\"async\" width=\"383\" height=\"250\" src=\"https:\/\/sara-summers.com\/wp-content\/uploads\/2025\/06\/logo-summerss-fitzpatrickl.jpg\" alt=\"\" class=\"wp-image-2285\" style=\"width:418px;height:auto\"\/><\/figure>\n\n\n\n<div style=\"height:61px\" aria-hidden=\"true\" class=\"wp-block-spacer\"><\/div>\n\n\n\n<p class=\"intro has-background\" style=\"border-radius:10px;background-color:#eaeaea;padding-top:var(--wp--preset--spacing--40);padding-right:30px;padding-bottom:var(--wp--preset--spacing--40);padding-left:30px\"><strong>Type de travaux inclus dans ce projet \u2013<\/strong> Guidelines de marque, emballage de canettes, papeterie, campagne publicitaire.<br><br><strong>Comp\u00e9tences d\u00e9velopp\u00e9es \u2013<\/strong> Branding, conception de logo, collaboration avec des partenaires.<br><br>Le cours \u00ab Branding \u00bb au CEGEP nous demandait de former des \u00e9quipes et de cr\u00e9er une marque \u00e0 partir de z\u00e9ro. Apr\u00e8s avoir pass\u00e9 tout un semestre \u00e0 cr\u00e9er diff\u00e9rents projets pour \u00ab OKombucha \u00bb, notre entreprise de kombucha \u00e9tait pr\u00eate \u00e0 \u00eatre pr\u00e9sent\u00e9e lors du \u00ab Brand Expo \u00bb organis\u00e9es par les \u00e9tudiants, o\u00f9 nous avons re\u00e7u d'excellents commentaires. Merci d'avoir travaill\u00e9 avec moi, Lara ! <br>(Allez voir son portfolio ! <em><a href=\"https:\/\/larafitzpatrick.com\" target=\"_blank\" rel=\"noopener\" title=\"\">https:\/\/larafitzpatrick.com<\/a><\/em>)<\/p>\n\n\n\n<div style=\"height:100px\" aria-hidden=\"true\" class=\"wp-block-spacer\"><\/div>\n\n\n\n<h2 class=\"wp-block-heading\" style=\"font-style:normal;font-weight:600\">Guidelines de marque + Logo<\/h2>\n\n\n\n<p>Au lieu de mettre l'accent sur les bienfaits de la boisson pour la sant\u00e9, nous avons d\u00e9cid\u00e9 de nous d\u00e9marquer de la concurrence. Le logo est fruit\u00e9 et audacieux, avec une couleur orange vif et une police \u00e9paisse, tandis que la police du texte est plus fine et plus droite pour cr\u00e9er un contraste. Les couleurs sont vives et le visuel s'inspire des ann\u00e9es 70. L'ic\u00f4ne \u00ab OK \u00bb est facilement reconnaissable et vous am\u00e8ne \u00e0 vous demander \u00ab \u00e0 quoi disons-nous OK ? \u00bb. La r\u00e9ponse se trouve dans le slogan humoristique d'OKombucha : \u00ab C'est mieux que superbe. C'est OK. \u00bb<\/p>\n\n\n\n<div style=\"height:100px\" aria-hidden=\"true\" class=\"wp-block-spacer\"><\/div>\n\n\n\n<figure data-wp-context=\"{&quot;imageId&quot;:&quot;69e4979ae2bc8&quot;}\" data-wp-interactive=\"core\/image\" class=\"wp-block-image size-full wp-lightbox-container\"><img loading=\"lazy\" decoding=\"async\" width=\"2560\" height=\"1751\" data-wp-class--hide=\"state.isContentHidden\" data-wp-class--show=\"state.isContentVisible\" data-wp-init=\"callbacks.setButtonStyles\" data-wp-on-async--click=\"actions.showLightbox\" data-wp-on-async--load=\"callbacks.setButtonStyles\" data-wp-on-async-window--resize=\"callbacks.setButtonStyles\" src=\"https:\/\/sara-summers.com\/wp-content\/uploads\/2025\/06\/okombucha-brand-guidlines-scaled.jpg\" alt=\"\" class=\"wp-image-2302\" style=\"box-shadow:var(--wp--preset--shadow--natural)\" srcset=\"https:\/\/sara-summers.com\/wp-content\/uploads\/2025\/06\/okombucha-brand-guidlines-scaled.jpg 2560w, https:\/\/sara-summers.com\/wp-content\/uploads\/2025\/06\/okombucha-brand-guidlines-800x547.jpg 800w, https:\/\/sara-summers.com\/wp-content\/uploads\/2025\/06\/okombucha-brand-guidlines-1200x821.jpg 1200w, https:\/\/sara-summers.com\/wp-content\/uploads\/2025\/06\/okombucha-brand-guidlines-768x525.jpg 768w, https:\/\/sara-summers.com\/wp-content\/uploads\/2025\/06\/okombucha-brand-guidlines-1536x1051.jpg 1536w, https:\/\/sara-summers.com\/wp-content\/uploads\/2025\/06\/okombucha-brand-guidlines-2048x1401.jpg 2048w, https:\/\/sara-summers.com\/wp-content\/uploads\/2025\/06\/okombucha-brand-guidlines-500x342.jpg 500w, https:\/\/sara-summers.com\/wp-content\/uploads\/2025\/06\/okombucha-brand-guidlines-1280x875.jpg 1280w, https:\/\/sara-summers.com\/wp-content\/uploads\/2025\/06\/okombucha-brand-guidlines-1920x1313.jpg 1920w\" sizes=\"auto, (max-width: 2560px) 100vw, 2560px\" \/><button\n\t\t\tclass=\"lightbox-trigger\"\n\t\t\ttype=\"button\"\n\t\t\taria-haspopup=\"dialog\"\n\t\t\taria-label=\"Agrandir l\u2018image\"\n\t\t\tdata-wp-init=\"callbacks.initTriggerButton\"\n\t\t\tdata-wp-on-async--click=\"actions.showLightbox\"\n\t\t\tdata-wp-style--right=\"state.imageButtonRight\"\n\t\t\tdata-wp-style--top=\"state.imageButtonTop\"\n\t\t>\n\t\t\t<svg xmlns=\"http:\/\/www.w3.org\/2000\/svg\" width=\"12\" height=\"12\" fill=\"none\" viewbox=\"0 0 12 12\">\n\t\t\t\t<path fill=\"#fff\" d=\"M2 0a2 2 0 0 0-2 2v2h1.5V2a.5.5 0 0 1 .5-.5h2V0H2Zm2 10.5H2a.5.5 0 0 1-.5-.5V8H0v2a2 2 0 0 0 2 2h2v-1.5ZM8 12v-1.5h2a.5.5 0 0 0 .5-.5V8H12v2a2 2 0 0 1-2 2H8Zm2-12a2 2 0 0 1 2 2v2h-1.5V2a.5.5 0 0 0-.5-.5H8V0h2Z\" \/>\n\t\t\t<\/svg>\n\t\t<\/button><\/figure>\n\n\n\n<div style=\"height:100px\" aria-hidden=\"true\" class=\"wp-block-spacer\"><\/div>\n\n\n\n<h2 class=\"wp-block-heading\" style=\"font-style:normal;font-weight:600\">Design d'emballage pour canettes<\/h2>\n\n\n\n<p>Respecte la palette de couleurs \u00e9tablie tout en permettant de distinguer facilement les saveurs les unes des autres. Les saveurs sont illustr\u00e9es dans un motif pour encore plus de clart\u00e9.<\/p>\n\n\n\n<div style=\"height:34px\" aria-hidden=\"true\" class=\"wp-block-spacer\"><\/div>\n\n\n\n<figure data-wp-context=\"{&quot;imageId&quot;:&quot;69e4979ae2f35&quot;}\" data-wp-interactive=\"core\/image\" class=\"wp-block-image size-full wp-lightbox-container\"><img loading=\"lazy\" decoding=\"async\" width=\"2477\" height=\"838\" data-wp-class--hide=\"state.isContentHidden\" data-wp-class--show=\"state.isContentVisible\" data-wp-init=\"callbacks.setButtonStyles\" data-wp-on-async--click=\"actions.showLightbox\" data-wp-on-async--load=\"callbacks.setButtonStyles\" data-wp-on-async-window--resize=\"callbacks.setButtonStyles\" src=\"https:\/\/sara-summers.com\/wp-content\/uploads\/2025\/06\/okombucha-cans-1.png\" alt=\"\" class=\"wp-image-2296\" srcset=\"https:\/\/sara-summers.com\/wp-content\/uploads\/2025\/06\/okombucha-cans-1.png 2477w, https:\/\/sara-summers.com\/wp-content\/uploads\/2025\/06\/okombucha-cans-1-800x271.png 800w, https:\/\/sara-summers.com\/wp-content\/uploads\/2025\/06\/okombucha-cans-1-1200x406.png 1200w, https:\/\/sara-summers.com\/wp-content\/uploads\/2025\/06\/okombucha-cans-1-768x260.png 768w, https:\/\/sara-summers.com\/wp-content\/uploads\/2025\/06\/okombucha-cans-1-1536x520.png 1536w, https:\/\/sara-summers.com\/wp-content\/uploads\/2025\/06\/okombucha-cans-1-2048x693.png 2048w, https:\/\/sara-summers.com\/wp-content\/uploads\/2025\/06\/okombucha-cans-1-500x169.png 500w, https:\/\/sara-summers.com\/wp-content\/uploads\/2025\/06\/okombucha-cans-1-1280x433.png 1280w, https:\/\/sara-summers.com\/wp-content\/uploads\/2025\/06\/okombucha-cans-1-1920x650.png 1920w\" sizes=\"auto, (max-width: 2477px) 100vw, 2477px\" \/><button\n\t\t\tclass=\"lightbox-trigger\"\n\t\t\ttype=\"button\"\n\t\t\taria-haspopup=\"dialog\"\n\t\t\taria-label=\"Agrandir l\u2018image\"\n\t\t\tdata-wp-init=\"callbacks.initTriggerButton\"\n\t\t\tdata-wp-on-async--click=\"actions.showLightbox\"\n\t\t\tdata-wp-style--right=\"state.imageButtonRight\"\n\t\t\tdata-wp-style--top=\"state.imageButtonTop\"\n\t\t>\n\t\t\t<svg xmlns=\"http:\/\/www.w3.org\/2000\/svg\" width=\"12\" height=\"12\" fill=\"none\" viewbox=\"0 0 12 12\">\n\t\t\t\t<path fill=\"#fff\" d=\"M2 0a2 2 0 0 0-2 2v2h1.5V2a.5.5 0 0 1 .5-.5h2V0H2Zm2 10.5H2a.5.5 0 0 1-.5-.5V8H0v2a2 2 0 0 0 2 2h2v-1.5ZM8 12v-1.5h2a.5.5 0 0 0 .5-.5V8H12v2a2 2 0 0 1-2 2H8Zm2-12a2 2 0 0 1 2 2v2h-1.5V2a.5.5 0 0 0-.5-.5H8V0h2Z\" \/>\n\t\t\t<\/svg>\n\t\t<\/button><\/figure>\n\n\n\n<div style=\"height:100px\" aria-hidden=\"true\" class=\"wp-block-spacer\"><\/div>\n\n\n\n<h2 class=\"wp-block-heading\" style=\"font-style:normal;font-weight:600\">Set de papeterie<\/h2>\n\n\n\n<p>Un ensemble de papeterie doit \u00eatre propre et professionnel. Il doit refl\u00e9ter l'image de l'entreprise sans \u00eatre trop distrayant.<\/p>\n\n\n\n<div style=\"height:34px\" aria-hidden=\"true\" class=\"wp-block-spacer\"><\/div>\n\n\n\n<figure data-wp-context=\"{&quot;imageId&quot;:&quot;69e4979ae324b&quot;}\" data-wp-interactive=\"core\/image\" class=\"wp-block-image size-full wp-lightbox-container\"><img loading=\"lazy\" decoding=\"async\" width=\"2048\" height=\"1366\" data-wp-class--hide=\"state.isContentHidden\" data-wp-class--show=\"state.isContentVisible\" data-wp-init=\"callbacks.setButtonStyles\" data-wp-on-async--click=\"actions.showLightbox\" data-wp-on-async--load=\"callbacks.setButtonStyles\" data-wp-on-async-window--resize=\"callbacks.setButtonStyles\" src=\"https:\/\/sara-summers.com\/wp-content\/uploads\/2025\/06\/Stationary.jpg\" alt=\"\" class=\"wp-image-2316\" srcset=\"https:\/\/sara-summers.com\/wp-content\/uploads\/2025\/06\/Stationary.jpg 2048w, https:\/\/sara-summers.com\/wp-content\/uploads\/2025\/06\/Stationary-800x534.jpg 800w, https:\/\/sara-summers.com\/wp-content\/uploads\/2025\/06\/Stationary-1200x800.jpg 1200w, https:\/\/sara-summers.com\/wp-content\/uploads\/2025\/06\/Stationary-768x512.jpg 768w, https:\/\/sara-summers.com\/wp-content\/uploads\/2025\/06\/Stationary-1536x1025.jpg 1536w, https:\/\/sara-summers.com\/wp-content\/uploads\/2025\/06\/Stationary-500x333.jpg 500w, https:\/\/sara-summers.com\/wp-content\/uploads\/2025\/06\/Stationary-1280x854.jpg 1280w, https:\/\/sara-summers.com\/wp-content\/uploads\/2025\/06\/Stationary-1920x1281.jpg 1920w\" sizes=\"auto, (max-width: 2048px) 100vw, 2048px\" \/><button\n\t\t\tclass=\"lightbox-trigger\"\n\t\t\ttype=\"button\"\n\t\t\taria-haspopup=\"dialog\"\n\t\t\taria-label=\"Agrandir l\u2018image\"\n\t\t\tdata-wp-init=\"callbacks.initTriggerButton\"\n\t\t\tdata-wp-on-async--click=\"actions.showLightbox\"\n\t\t\tdata-wp-style--right=\"state.imageButtonRight\"\n\t\t\tdata-wp-style--top=\"state.imageButtonTop\"\n\t\t>\n\t\t\t<svg xmlns=\"http:\/\/www.w3.org\/2000\/svg\" width=\"12\" height=\"12\" fill=\"none\" viewbox=\"0 0 12 12\">\n\t\t\t\t<path fill=\"#fff\" d=\"M2 0a2 2 0 0 0-2 2v2h1.5V2a.5.5 0 0 1 .5-.5h2V0H2Zm2 10.5H2a.5.5 0 0 1-.5-.5V8H0v2a2 2 0 0 0 2 2h2v-1.5ZM8 12v-1.5h2a.5.5 0 0 0 .5-.5V8H12v2a2 2 0 0 1-2 2H8Zm2-12a2 2 0 0 1 2 2v2h-1.5V2a.5.5 0 0 0-.5-.5H8V0h2Z\" \/>\n\t\t\t<\/svg>\n\t\t<\/button><\/figure>\n\n\n\n<div style=\"height:100px\" aria-hidden=\"true\" class=\"wp-block-spacer\"><\/div>\n\n\n\n<h2 class=\"wp-block-heading\" style=\"font-style:normal;font-weight:600\">Campagne publicitaire<\/h2>\n\n\n\n<p>Faisant r\u00e9f\u00e9rence au slogan humoristique d'OKombucha, cette campagne publicitaire r\u00e9pond \u00e0 diverses questions par \u00ab C'est OK \u00bb, alors que les visuels montrent clairement quelque chose qui est bien plus que \u00ab juste OK \u00bb. Le ton et la composition des publicit\u00e9s (une canette g\u00e9ante de kombucha au centre) rendent la marque m\u00e9morable et reconnaissable, tout en conservant un th\u00e8me coh\u00e9rent auquel de nouvelles versions peuvent toujours \u00eatre ajout\u00e9es.<\/p>\n\n\n\n<div style=\"height:34px\" aria-hidden=\"true\" class=\"wp-block-spacer\"><\/div>\n\n\n\n<figure class=\"wp-block-gallery has-nested-images columns-default is-cropped wp-block-gallery-1 is-layout-flex wp-block-gallery-is-layout-flex\">\n<figure data-wp-context=\"{&quot;imageId&quot;:&quot;69e4979ae3679&quot;}\" data-wp-interactive=\"core\/image\" class=\"wp-block-image size-full wp-lightbox-container\"><img loading=\"lazy\" decoding=\"async\" width=\"683\" height=\"1024\" data-wp-class--hide=\"state.isContentHidden\" data-wp-class--show=\"state.isContentVisible\" data-wp-init=\"callbacks.setButtonStyles\" data-wp-on-async--click=\"actions.showLightbox\" data-wp-on-async--load=\"callbacks.setButtonStyles\" data-wp-on-async-window--resize=\"callbacks.setButtonStyles\" data-id=\"2310\" src=\"https:\/\/sara-summers.com\/wp-content\/uploads\/2025\/06\/okombucha-ad-1-683x1024-1.jpg\" alt=\"\" class=\"wp-image-2310\" srcset=\"https:\/\/sara-summers.com\/wp-content\/uploads\/2025\/06\/okombucha-ad-1-683x1024-1.jpg 683w, https:\/\/sara-summers.com\/wp-content\/uploads\/2025\/06\/okombucha-ad-1-683x1024-1-534x800.jpg 534w, https:\/\/sara-summers.com\/wp-content\/uploads\/2025\/06\/okombucha-ad-1-683x1024-1-500x750.jpg 500w\" sizes=\"auto, (max-width: 683px) 100vw, 683px\" \/><button\n\t\t\tclass=\"lightbox-trigger\"\n\t\t\ttype=\"button\"\n\t\t\taria-haspopup=\"dialog\"\n\t\t\taria-label=\"Agrandir l\u2018image\"\n\t\t\tdata-wp-init=\"callbacks.initTriggerButton\"\n\t\t\tdata-wp-on-async--click=\"actions.showLightbox\"\n\t\t\tdata-wp-style--right=\"state.imageButtonRight\"\n\t\t\tdata-wp-style--top=\"state.imageButtonTop\"\n\t\t>\n\t\t\t<svg xmlns=\"http:\/\/www.w3.org\/2000\/svg\" width=\"12\" height=\"12\" fill=\"none\" viewbox=\"0 0 12 12\">\n\t\t\t\t<path fill=\"#fff\" d=\"M2 0a2 2 0 0 0-2 2v2h1.5V2a.5.5 0 0 1 .5-.5h2V0H2Zm2 10.5H2a.5.5 0 0 1-.5-.5V8H0v2a2 2 0 0 0 2 2h2v-1.5ZM8 12v-1.5h2a.5.5 0 0 0 .5-.5V8H12v2a2 2 0 0 1-2 2H8Zm2-12a2 2 0 0 1 2 2v2h-1.5V2a.5.5 0 0 0-.5-.5H8V0h2Z\" \/>\n\t\t\t<\/svg>\n\t\t<\/button><\/figure>\n\n\n\n<figure data-wp-context=\"{&quot;imageId&quot;:&quot;69e4979ae38ed&quot;}\" data-wp-interactive=\"core\/image\" class=\"wp-block-image size-full wp-lightbox-container\"><img loading=\"lazy\" decoding=\"async\" width=\"1366\" height=\"2048\" data-wp-class--hide=\"state.isContentHidden\" data-wp-class--show=\"state.isContentVisible\" data-wp-init=\"callbacks.setButtonStyles\" data-wp-on-async--click=\"actions.showLightbox\" data-wp-on-async--load=\"callbacks.setButtonStyles\" data-wp-on-async-window--resize=\"callbacks.setButtonStyles\" data-id=\"2311\" src=\"https:\/\/sara-summers.com\/wp-content\/uploads\/2025\/06\/okombucha-ad-2-sara-summers.jpg\" alt=\"\" class=\"wp-image-2311\" srcset=\"https:\/\/sara-summers.com\/wp-content\/uploads\/2025\/06\/okombucha-ad-2-sara-summers.jpg 1366w, https:\/\/sara-summers.com\/wp-content\/uploads\/2025\/06\/okombucha-ad-2-sara-summers-534x800.jpg 534w, https:\/\/sara-summers.com\/wp-content\/uploads\/2025\/06\/okombucha-ad-2-sara-summers-800x1199.jpg 800w, https:\/\/sara-summers.com\/wp-content\/uploads\/2025\/06\/okombucha-ad-2-sara-summers-768x1151.jpg 768w, https:\/\/sara-summers.com\/wp-content\/uploads\/2025\/06\/okombucha-ad-2-sara-summers-1025x1536.jpg 1025w, https:\/\/sara-summers.com\/wp-content\/uploads\/2025\/06\/okombucha-ad-2-sara-summers-500x750.jpg 500w, https:\/\/sara-summers.com\/wp-content\/uploads\/2025\/06\/okombucha-ad-2-sara-summers-1280x1919.jpg 1280w\" sizes=\"auto, (max-width: 1366px) 100vw, 1366px\" \/><button\n\t\t\tclass=\"lightbox-trigger\"\n\t\t\ttype=\"button\"\n\t\t\taria-haspopup=\"dialog\"\n\t\t\taria-label=\"Agrandir l\u2018image\"\n\t\t\tdata-wp-init=\"callbacks.initTriggerButton\"\n\t\t\tdata-wp-on-async--click=\"actions.showLightbox\"\n\t\t\tdata-wp-style--right=\"state.imageButtonRight\"\n\t\t\tdata-wp-style--top=\"state.imageButtonTop\"\n\t\t>\n\t\t\t<svg xmlns=\"http:\/\/www.w3.org\/2000\/svg\" width=\"12\" height=\"12\" fill=\"none\" viewbox=\"0 0 12 12\">\n\t\t\t\t<path fill=\"#fff\" d=\"M2 0a2 2 0 0 0-2 2v2h1.5V2a.5.5 0 0 1 .5-.5h2V0H2Zm2 10.5H2a.5.5 0 0 1-.5-.5V8H0v2a2 2 0 0 0 2 2h2v-1.5ZM8 12v-1.5h2a.5.5 0 0 0 .5-.5V8H12v2a2 2 0 0 1-2 2H8Zm2-12a2 2 0 0 1 2 2v2h-1.5V2a.5.5 0 0 0-.5-.5H8V0h2Z\" \/>\n\t\t\t<\/svg>\n\t\t<\/button><\/figure>\n\n\n\n<figure data-wp-context=\"{&quot;imageId&quot;:&quot;69e4979ae3b53&quot;}\" data-wp-interactive=\"core\/image\" class=\"wp-block-image size-full wp-lightbox-container\"><img loading=\"lazy\" decoding=\"async\" width=\"1707\" height=\"2560\" data-wp-class--hide=\"state.isContentHidden\" data-wp-class--show=\"state.isContentVisible\" data-wp-init=\"callbacks.setButtonStyles\" data-wp-on-async--click=\"actions.showLightbox\" data-wp-on-async--load=\"callbacks.setButtonStyles\" data-wp-on-async-window--resize=\"callbacks.setButtonStyles\" data-id=\"2314\" src=\"https:\/\/sara-summers.com\/wp-content\/uploads\/2025\/06\/okombucha-ad-1980x2970-1-scaled.jpg\" alt=\"\" class=\"wp-image-2314\" srcset=\"https:\/\/sara-summers.com\/wp-content\/uploads\/2025\/06\/okombucha-ad-1980x2970-1-scaled.jpg 1707w, https:\/\/sara-summers.com\/wp-content\/uploads\/2025\/06\/okombucha-ad-1980x2970-1-533x800.jpg 533w, https:\/\/sara-summers.com\/wp-content\/uploads\/2025\/06\/okombucha-ad-1980x2970-1-800x1200.jpg 800w, https:\/\/sara-summers.com\/wp-content\/uploads\/2025\/06\/okombucha-ad-1980x2970-1-768x1152.jpg 768w, https:\/\/sara-summers.com\/wp-content\/uploads\/2025\/06\/okombucha-ad-1980x2970-1-1024x1536.jpg 1024w, https:\/\/sara-summers.com\/wp-content\/uploads\/2025\/06\/okombucha-ad-1980x2970-1-1365x2048.jpg 1365w, https:\/\/sara-summers.com\/wp-content\/uploads\/2025\/06\/okombucha-ad-1980x2970-1-500x750.jpg 500w, https:\/\/sara-summers.com\/wp-content\/uploads\/2025\/06\/okombucha-ad-1980x2970-1-1280x1920.jpg 1280w, https:\/\/sara-summers.com\/wp-content\/uploads\/2025\/06\/okombucha-ad-1980x2970-1-1920x2880.jpg 1920w\" sizes=\"auto, (max-width: 1707px) 100vw, 1707px\" \/><button\n\t\t\tclass=\"lightbox-trigger\"\n\t\t\ttype=\"button\"\n\t\t\taria-haspopup=\"dialog\"\n\t\t\taria-label=\"Agrandir l\u2018image\"\n\t\t\tdata-wp-init=\"callbacks.initTriggerButton\"\n\t\t\tdata-wp-on-async--click=\"actions.showLightbox\"\n\t\t\tdata-wp-style--right=\"state.imageButtonRight\"\n\t\t\tdata-wp-style--top=\"state.imageButtonTop\"\n\t\t>\n\t\t\t<svg xmlns=\"http:\/\/www.w3.org\/2000\/svg\" width=\"12\" height=\"12\" fill=\"none\" viewbox=\"0 0 12 12\">\n\t\t\t\t<path fill=\"#fff\" d=\"M2 0a2 2 0 0 0-2 2v2h1.5V2a.5.5 0 0 1 .5-.5h2V0H2Zm2 10.5H2a.5.5 0 0 1-.5-.5V8H0v2a2 2 0 0 0 2 2h2v-1.5ZM8 12v-1.5h2a.5.5 0 0 0 .5-.5V8H12v2a2 2 0 0 1-2 2H8Zm2-12a2 2 0 0 1 2 2v2h-1.5V2a.5.5 0 0 0-.5-.5H8V0h2Z\" \/>\n\t\t\t<\/svg>\n\t\t<\/button><\/figure>\n<\/figure>\n\n\n\n<p><\/p>","protected":false},"excerpt":{"rendered":"<p>Type of work included in this project &#8211; Brand Guidelines, Can Packaging, Stationary Set, Ad Campaign. Skills Developed &#8211; Branding, Logo Design, Partner Collaboration. &#8216;Branding&#8217; class in CEGEP required us to partner up and build a brand from scratch. After a whole semester of creating different projects for &#8216;OKombucha&#8217;, our kombucha company was ready to [&hellip;]<\/p>","protected":false},"author":1,"featured_media":0,"parent":0,"menu_order":0,"comment_status":"closed","ping_status":"closed","template":"no-menu-footer","meta":{"footnotes":""},"class_list":["post-2283","page","type-page","status-publish","hentry"],"aioseo_notices":[],"_links":{"self":[{"href":"https:\/\/sara-summers.com\/fr\/wp-json\/wp\/v2\/pages\/2283","targetHints":{"allow":["GET"]}}],"collection":[{"href":"https:\/\/sara-summers.com\/fr\/wp-json\/wp\/v2\/pages"}],"about":[{"href":"https:\/\/sara-summers.com\/fr\/wp-json\/wp\/v2\/types\/page"}],"author":[{"embeddable":true,"href":"https:\/\/sara-summers.com\/fr\/wp-json\/wp\/v2\/users\/1"}],"replies":[{"embeddable":true,"href":"https:\/\/sara-summers.com\/fr\/wp-json\/wp\/v2\/comments?post=2283"}],"version-history":[{"count":27,"href":"https:\/\/sara-summers.com\/fr\/wp-json\/wp\/v2\/pages\/2283\/revisions"}],"predecessor-version":[{"id":2401,"href":"https:\/\/sara-summers.com\/fr\/wp-json\/wp\/v2\/pages\/2283\/revisions\/2401"}],"wp:attachment":[{"href":"https:\/\/sara-summers.com\/fr\/wp-json\/wp\/v2\/media?parent=2283"}],"curies":[{"name":"wp","href":"https:\/\/api.w.org\/{rel}","templated":true}]}}