{"id":2331,"date":"2025-07-12T14:11:46","date_gmt":"2025-07-12T14:11:46","guid":{"rendered":"https:\/\/sara-summers.com\/?page_id=2331"},"modified":"2025-07-15T13:06:34","modified_gmt":"2025-07-15T13:06:34","slug":"tenaquip","status":"publish","type":"page","link":"https:\/\/sara-summers.com\/fr\/tenaquip\/","title":{"rendered":"Tenaquip"},"content":{"rendered":"<figure class=\"wp-block-image aligncenter size-full is-resized\"><img loading=\"lazy\" decoding=\"async\" width=\"820\" height=\"242\" src=\"https:\/\/sara-summers.com\/wp-content\/uploads\/2025\/07\/tenaquip-logo.webp\" alt=\"\" class=\"wp-image-2336\" style=\"width:549px;height:auto\" srcset=\"https:\/\/sara-summers.com\/wp-content\/uploads\/2025\/07\/tenaquip-logo.webp 820w, https:\/\/sara-summers.com\/wp-content\/uploads\/2025\/07\/tenaquip-logo-800x236.webp 800w, https:\/\/sara-summers.com\/wp-content\/uploads\/2025\/07\/tenaquip-logo-768x227.webp 768w, https:\/\/sara-summers.com\/wp-content\/uploads\/2025\/07\/tenaquip-logo-500x148.webp 500w\" sizes=\"auto, (max-width: 820px) 100vw, 820px\" \/><\/figure>\n\n\n\n<div style=\"height:61px\" aria-hidden=\"true\" class=\"wp-block-spacer\"><\/div>\n\n\n\n<p class=\"intro has-background\" style=\"border-radius:10px;background-color:#eaeaea;padding-top:var(--wp--preset--spacing--40);padding-right:30px;padding-bottom:var(--wp--preset--spacing--40);padding-left:30px\"><strong>Type de travaux inclus dans ce projet \u2013<\/strong> Flyers, Web banners, Landing Pages, Email Campaigns.<br><br><strong>Comp\u00e9tences d\u00e9velopp\u00e9es \u2013<\/strong> Meeting Deadlines, Team Collaboration, Time Management, Brand Consistency.<br><br>I had the privilege of completing my 3 week stage at Tenaquip, and was offered a 6 month contract directly after graduating. I ended up staying a total of 7 months, and I&#8217;m so grateful for everything I learned during my time working alongside such a wonderful team! I learned valuable real-life skills of working in an office, and learned how to mould my skills to fit the Tenaquip look and feel.<\/p>\n\n\n\n<div style=\"height:100px\" aria-hidden=\"true\" class=\"wp-block-spacer\"><\/div>\n\n\n\n<h2 class=\"wp-block-heading\" style=\"font-style:normal;font-weight:600\">Flyers<\/h2>\n\n\n\n<p>These flyers were a regular part of my workload, often daily. Working on them helped me strengthen my attention to detail, ensuring consistent spacing and alignment within brand standards, and accurately placing all information and pricing. I also became more efficient in layout design, arranging elements so everything fit visually and clearly. I also developed strong time management skills by tracking each flyer\u2019s progress, from translation to layout, in a shared file to keep everything on schedule.<\/p>\n\n\n\n<div style=\"height:37px\" aria-hidden=\"true\" class=\"wp-block-spacer\"><\/div>\n\n\n\n<figure class=\"wp-block-gallery has-nested-images columns-default is-cropped wp-block-gallery-1 is-layout-flex wp-block-gallery-is-layout-flex\">\n<figure data-wp-context=\"{&quot;imageId&quot;:&quot;69e49bbf18b46&quot;}\" data-wp-interactive=\"core\/image\" class=\"wp-block-image size-large wp-lightbox-container\"><img loading=\"lazy\" decoding=\"async\" width=\"931\" height=\"1200\" data-wp-class--hide=\"state.isContentHidden\" data-wp-class--show=\"state.isContentVisible\" data-wp-init=\"callbacks.setButtonStyles\" data-wp-on-async--click=\"actions.showLightbox\" data-wp-on-async--load=\"callbacks.setButtonStyles\" data-wp-on-async-window--resize=\"callbacks.setButtonStyles\" data-id=\"2364\" src=\"https:\/\/sara-summers.com\/wp-content\/uploads\/2025\/07\/Tenaquip-Sales-Flyer-931x1200.jpg\" alt=\"\" class=\"wp-image-2364\" srcset=\"https:\/\/sara-summers.com\/wp-content\/uploads\/2025\/07\/Tenaquip-Sales-Flyer-931x1200.jpg 931w, https:\/\/sara-summers.com\/wp-content\/uploads\/2025\/07\/Tenaquip-Sales-Flyer-621x800.jpg 621w, https:\/\/sara-summers.com\/wp-content\/uploads\/2025\/07\/Tenaquip-Sales-Flyer-768x990.jpg 768w, https:\/\/sara-summers.com\/wp-content\/uploads\/2025\/07\/Tenaquip-Sales-Flyer-1192x1536.jpg 1192w, https:\/\/sara-summers.com\/wp-content\/uploads\/2025\/07\/Tenaquip-Sales-Flyer-500x644.jpg 500w, https:\/\/sara-summers.com\/wp-content\/uploads\/2025\/07\/Tenaquip-Sales-Flyer-800x1031.jpg 800w, https:\/\/sara-summers.com\/wp-content\/uploads\/2025\/07\/Tenaquip-Sales-Flyer.jpg 1271w\" sizes=\"auto, (max-width: 931px) 100vw, 931px\" \/><button\n\t\t\tclass=\"lightbox-trigger\"\n\t\t\ttype=\"button\"\n\t\t\taria-haspopup=\"dialog\"\n\t\t\taria-label=\"Agrandir l\u2018image\"\n\t\t\tdata-wp-init=\"callbacks.initTriggerButton\"\n\t\t\tdata-wp-on-async--click=\"actions.showLightbox\"\n\t\t\tdata-wp-style--right=\"state.imageButtonRight\"\n\t\t\tdata-wp-style--top=\"state.imageButtonTop\"\n\t\t>\n\t\t\t<svg xmlns=\"http:\/\/www.w3.org\/2000\/svg\" width=\"12\" height=\"12\" fill=\"none\" viewbox=\"0 0 12 12\">\n\t\t\t\t<path fill=\"#fff\" d=\"M2 0a2 2 0 0 0-2 2v2h1.5V2a.5.5 0 0 1 .5-.5h2V0H2Zm2 10.5H2a.5.5 0 0 1-.5-.5V8H0v2a2 2 0 0 0 2 2h2v-1.5ZM8 12v-1.5h2a.5.5 0 0 0 .5-.5V8H12v2a2 2 0 0 1-2 2H8Zm2-12a2 2 0 0 1 2 2v2h-1.5V2a.5.5 0 0 0-.5-.5H8V0h2Z\" \/>\n\t\t\t<\/svg>\n\t\t<\/button><\/figure>\n\n\n\n<figure data-wp-context=\"{&quot;imageId&quot;:&quot;69e49bbf18eb7&quot;}\" data-wp-interactive=\"core\/image\" class=\"wp-block-image size-large wp-lightbox-container\"><img loading=\"lazy\" decoding=\"async\" width=\"911\" height=\"1200\" data-wp-class--hide=\"state.isContentHidden\" data-wp-class--show=\"state.isContentVisible\" data-wp-init=\"callbacks.setButtonStyles\" data-wp-on-async--click=\"actions.showLightbox\" data-wp-on-async--load=\"callbacks.setButtonStyles\" data-wp-on-async-window--resize=\"callbacks.setButtonStyles\" data-id=\"2353\" src=\"https:\/\/sara-summers.com\/wp-content\/uploads\/2025\/07\/tenaquip-flyer-911x1200.jpg\" alt=\"\" class=\"wp-image-2353\" srcset=\"https:\/\/sara-summers.com\/wp-content\/uploads\/2025\/07\/tenaquip-flyer-911x1200.jpg 911w, https:\/\/sara-summers.com\/wp-content\/uploads\/2025\/07\/tenaquip-flyer-608x800.jpg 608w, https:\/\/sara-summers.com\/wp-content\/uploads\/2025\/07\/tenaquip-flyer-768x1011.jpg 768w, https:\/\/sara-summers.com\/wp-content\/uploads\/2025\/07\/tenaquip-flyer-1166x1536.jpg 1166w, https:\/\/sara-summers.com\/wp-content\/uploads\/2025\/07\/tenaquip-flyer-500x658.jpg 500w, https:\/\/sara-summers.com\/wp-content\/uploads\/2025\/07\/tenaquip-flyer-800x1053.jpg 800w, https:\/\/sara-summers.com\/wp-content\/uploads\/2025\/07\/tenaquip-flyer.jpg 1253w\" sizes=\"auto, (max-width: 911px) 100vw, 911px\" \/><button\n\t\t\tclass=\"lightbox-trigger\"\n\t\t\ttype=\"button\"\n\t\t\taria-haspopup=\"dialog\"\n\t\t\taria-label=\"Agrandir l\u2018image\"\n\t\t\tdata-wp-init=\"callbacks.initTriggerButton\"\n\t\t\tdata-wp-on-async--click=\"actions.showLightbox\"\n\t\t\tdata-wp-style--right=\"state.imageButtonRight\"\n\t\t\tdata-wp-style--top=\"state.imageButtonTop\"\n\t\t>\n\t\t\t<svg xmlns=\"http:\/\/www.w3.org\/2000\/svg\" width=\"12\" height=\"12\" fill=\"none\" viewbox=\"0 0 12 12\">\n\t\t\t\t<path fill=\"#fff\" d=\"M2 0a2 2 0 0 0-2 2v2h1.5V2a.5.5 0 0 1 .5-.5h2V0H2Zm2 10.5H2a.5.5 0 0 1-.5-.5V8H0v2a2 2 0 0 0 2 2h2v-1.5ZM8 12v-1.5h2a.5.5 0 0 0 .5-.5V8H12v2a2 2 0 0 1-2 2H8Zm2-12a2 2 0 0 1 2 2v2h-1.5V2a.5.5 0 0 0-.5-.5H8V0h2Z\" \/>\n\t\t\t<\/svg>\n\t\t<\/button><\/figure>\n<\/figure>\n\n\n\n<div style=\"height:100px\" aria-hidden=\"true\" class=\"wp-block-spacer\"><\/div>\n\n\n\n<h2 class=\"wp-block-heading\" style=\"font-style:normal;font-weight:600\">Web Banners<\/h2>\n\n\n\n<p>Designing web banners taught me how to balance visual appeal with clear communication. I focused on keeping text legible, choosing fonts and layouts that were easy to read at a glance, while also making sure the product stood out right away. The goal was always to catch the customer\u2019s eye and make it instantly clear what was being advertised.<\/p>\n\n\n\n<div style=\"height:37px\" aria-hidden=\"true\" class=\"wp-block-spacer\"><\/div>\n\n\n\n<figure data-wp-context=\"{&quot;imageId&quot;:&quot;69e49bbf193a2&quot;}\" data-wp-interactive=\"core\/image\" class=\"wp-block-image size-full wp-lightbox-container\"><img loading=\"lazy\" decoding=\"async\" width=\"1282\" height=\"125\" data-wp-class--hide=\"state.isContentHidden\" data-wp-class--show=\"state.isContentVisible\" data-wp-init=\"callbacks.setButtonStyles\" data-wp-on-async--click=\"actions.showLightbox\" data-wp-on-async--load=\"callbacks.setButtonStyles\" data-wp-on-async-window--resize=\"callbacks.setButtonStyles\" src=\"https:\/\/sara-summers.com\/wp-content\/uploads\/2025\/07\/AIA_ZENITH_SAFETY_CABINETS_SF_020124_eng.jpg\" alt=\"\" class=\"wp-image-2356\" style=\"box-shadow:var(--wp--preset--shadow--natural)\" srcset=\"https:\/\/sara-summers.com\/wp-content\/uploads\/2025\/07\/AIA_ZENITH_SAFETY_CABINETS_SF_020124_eng.jpg 1282w, https:\/\/sara-summers.com\/wp-content\/uploads\/2025\/07\/AIA_ZENITH_SAFETY_CABINETS_SF_020124_eng-800x78.jpg 800w, https:\/\/sara-summers.com\/wp-content\/uploads\/2025\/07\/AIA_ZENITH_SAFETY_CABINETS_SF_020124_eng-1200x117.jpg 1200w, https:\/\/sara-summers.com\/wp-content\/uploads\/2025\/07\/AIA_ZENITH_SAFETY_CABINETS_SF_020124_eng-768x75.jpg 768w, https:\/\/sara-summers.com\/wp-content\/uploads\/2025\/07\/AIA_ZENITH_SAFETY_CABINETS_SF_020124_eng-500x49.jpg 500w, https:\/\/sara-summers.com\/wp-content\/uploads\/2025\/07\/AIA_ZENITH_SAFETY_CABINETS_SF_020124_eng-1280x125.jpg 1280w\" sizes=\"auto, (max-width: 1282px) 100vw, 1282px\" \/><button\n\t\t\tclass=\"lightbox-trigger\"\n\t\t\ttype=\"button\"\n\t\t\taria-haspopup=\"dialog\"\n\t\t\taria-label=\"Agrandir l\u2018image\"\n\t\t\tdata-wp-init=\"callbacks.initTriggerButton\"\n\t\t\tdata-wp-on-async--click=\"actions.showLightbox\"\n\t\t\tdata-wp-style--right=\"state.imageButtonRight\"\n\t\t\tdata-wp-style--top=\"state.imageButtonTop\"\n\t\t>\n\t\t\t<svg xmlns=\"http:\/\/www.w3.org\/2000\/svg\" width=\"12\" height=\"12\" fill=\"none\" viewbox=\"0 0 12 12\">\n\t\t\t\t<path fill=\"#fff\" d=\"M2 0a2 2 0 0 0-2 2v2h1.5V2a.5.5 0 0 1 .5-.5h2V0H2Zm2 10.5H2a.5.5 0 0 1-.5-.5V8H0v2a2 2 0 0 0 2 2h2v-1.5ZM8 12v-1.5h2a.5.5 0 0 0 .5-.5V8H12v2a2 2 0 0 1-2 2H8Zm2-12a2 2 0 0 1 2 2v2h-1.5V2a.5.5 0 0 0-.5-.5H8V0h2Z\" \/>\n\t\t\t<\/svg>\n\t\t<\/button><\/figure>\n\n\n\n<figure data-wp-context=\"{&quot;imageId&quot;:&quot;69e49bbf196ce&quot;}\" data-wp-interactive=\"core\/image\" class=\"wp-block-image size-full wp-lightbox-container\"><img loading=\"lazy\" decoding=\"async\" width=\"2460\" height=\"240\" data-wp-class--hide=\"state.isContentHidden\" data-wp-class--show=\"state.isContentVisible\" data-wp-init=\"callbacks.setButtonStyles\" data-wp-on-async--click=\"actions.showLightbox\" data-wp-on-async--load=\"callbacks.setButtonStyles\" data-wp-on-async-window--resize=\"callbacks.setButtonStyles\" src=\"https:\/\/sara-summers.com\/wp-content\/uploads\/2025\/07\/AIA_LOCTITE_TOP_SELLERS_SF_080123_Eng.jpg\" alt=\"\" class=\"wp-image-2357\" style=\"box-shadow:var(--wp--preset--shadow--natural)\" srcset=\"https:\/\/sara-summers.com\/wp-content\/uploads\/2025\/07\/AIA_LOCTITE_TOP_SELLERS_SF_080123_Eng.jpg 2460w, https:\/\/sara-summers.com\/wp-content\/uploads\/2025\/07\/AIA_LOCTITE_TOP_SELLERS_SF_080123_Eng-800x78.jpg 800w, https:\/\/sara-summers.com\/wp-content\/uploads\/2025\/07\/AIA_LOCTITE_TOP_SELLERS_SF_080123_Eng-1200x117.jpg 1200w, https:\/\/sara-summers.com\/wp-content\/uploads\/2025\/07\/AIA_LOCTITE_TOP_SELLERS_SF_080123_Eng-768x75.jpg 768w, https:\/\/sara-summers.com\/wp-content\/uploads\/2025\/07\/AIA_LOCTITE_TOP_SELLERS_SF_080123_Eng-1536x150.jpg 1536w, https:\/\/sara-summers.com\/wp-content\/uploads\/2025\/07\/AIA_LOCTITE_TOP_SELLERS_SF_080123_Eng-2048x200.jpg 2048w, https:\/\/sara-summers.com\/wp-content\/uploads\/2025\/07\/AIA_LOCTITE_TOP_SELLERS_SF_080123_Eng-500x49.jpg 500w, https:\/\/sara-summers.com\/wp-content\/uploads\/2025\/07\/AIA_LOCTITE_TOP_SELLERS_SF_080123_Eng-1280x125.jpg 1280w, https:\/\/sara-summers.com\/wp-content\/uploads\/2025\/07\/AIA_LOCTITE_TOP_SELLERS_SF_080123_Eng-1920x187.jpg 1920w\" sizes=\"auto, (max-width: 2460px) 100vw, 2460px\" \/><button\n\t\t\tclass=\"lightbox-trigger\"\n\t\t\ttype=\"button\"\n\t\t\taria-haspopup=\"dialog\"\n\t\t\taria-label=\"Agrandir l\u2018image\"\n\t\t\tdata-wp-init=\"callbacks.initTriggerButton\"\n\t\t\tdata-wp-on-async--click=\"actions.showLightbox\"\n\t\t\tdata-wp-style--right=\"state.imageButtonRight\"\n\t\t\tdata-wp-style--top=\"state.imageButtonTop\"\n\t\t>\n\t\t\t<svg xmlns=\"http:\/\/www.w3.org\/2000\/svg\" width=\"12\" height=\"12\" fill=\"none\" viewbox=\"0 0 12 12\">\n\t\t\t\t<path fill=\"#fff\" d=\"M2 0a2 2 0 0 0-2 2v2h1.5V2a.5.5 0 0 1 .5-.5h2V0H2Zm2 10.5H2a.5.5 0 0 1-.5-.5V8H0v2a2 2 0 0 0 2 2h2v-1.5ZM8 12v-1.5h2a.5.5 0 0 0 .5-.5V8H12v2a2 2 0 0 1-2 2H8Zm2-12a2 2 0 0 1 2 2v2h-1.5V2a.5.5 0 0 0-.5-.5H8V0h2Z\" \/>\n\t\t\t<\/svg>\n\t\t<\/button><\/figure>\n\n\n\n<figure data-wp-context=\"{&quot;imageId&quot;:&quot;69e49bbf1992f&quot;}\" data-wp-interactive=\"core\/image\" class=\"wp-block-image size-full wp-lightbox-container\"><img loading=\"lazy\" decoding=\"async\" width=\"1840\" height=\"200\" data-wp-class--hide=\"state.isContentHidden\" data-wp-class--show=\"state.isContentVisible\" data-wp-init=\"callbacks.setButtonStyles\" data-wp-on-async--click=\"actions.showLightbox\" data-wp-on-async--load=\"callbacks.setButtonStyles\" data-wp-on-async-window--resize=\"callbacks.setButtonStyles\" src=\"https:\/\/sara-summers.com\/wp-content\/uploads\/2025\/07\/AIA_SQWINCHER_SPOC_050123_Eng.jpg\" alt=\"\" class=\"wp-image-2358\" style=\"box-shadow:var(--wp--preset--shadow--natural)\" srcset=\"https:\/\/sara-summers.com\/wp-content\/uploads\/2025\/07\/AIA_SQWINCHER_SPOC_050123_Eng.jpg 1840w, https:\/\/sara-summers.com\/wp-content\/uploads\/2025\/07\/AIA_SQWINCHER_SPOC_050123_Eng-800x87.jpg 800w, https:\/\/sara-summers.com\/wp-content\/uploads\/2025\/07\/AIA_SQWINCHER_SPOC_050123_Eng-1200x130.jpg 1200w, https:\/\/sara-summers.com\/wp-content\/uploads\/2025\/07\/AIA_SQWINCHER_SPOC_050123_Eng-768x83.jpg 768w, https:\/\/sara-summers.com\/wp-content\/uploads\/2025\/07\/AIA_SQWINCHER_SPOC_050123_Eng-1536x167.jpg 1536w, https:\/\/sara-summers.com\/wp-content\/uploads\/2025\/07\/AIA_SQWINCHER_SPOC_050123_Eng-500x54.jpg 500w, https:\/\/sara-summers.com\/wp-content\/uploads\/2025\/07\/AIA_SQWINCHER_SPOC_050123_Eng-1280x139.jpg 1280w\" sizes=\"auto, (max-width: 1840px) 100vw, 1840px\" \/><button\n\t\t\tclass=\"lightbox-trigger\"\n\t\t\ttype=\"button\"\n\t\t\taria-haspopup=\"dialog\"\n\t\t\taria-label=\"Agrandir l\u2018image\"\n\t\t\tdata-wp-init=\"callbacks.initTriggerButton\"\n\t\t\tdata-wp-on-async--click=\"actions.showLightbox\"\n\t\t\tdata-wp-style--right=\"state.imageButtonRight\"\n\t\t\tdata-wp-style--top=\"state.imageButtonTop\"\n\t\t>\n\t\t\t<svg xmlns=\"http:\/\/www.w3.org\/2000\/svg\" width=\"12\" height=\"12\" fill=\"none\" viewbox=\"0 0 12 12\">\n\t\t\t\t<path fill=\"#fff\" d=\"M2 0a2 2 0 0 0-2 2v2h1.5V2a.5.5 0 0 1 .5-.5h2V0H2Zm2 10.5H2a.5.5 0 0 1-.5-.5V8H0v2a2 2 0 0 0 2 2h2v-1.5ZM8 12v-1.5h2a.5.5 0 0 0 .5-.5V8H12v2a2 2 0 0 1-2 2H8Zm2-12a2 2 0 0 1 2 2v2h-1.5V2a.5.5 0 0 0-.5-.5H8V0h2Z\" \/>\n\t\t\t<\/svg>\n\t\t<\/button><\/figure>\n\n\n\n<div style=\"height:100px\" aria-hidden=\"true\" class=\"wp-block-spacer\"><\/div>\n\n\n\n<h2 class=\"wp-block-heading\" style=\"font-style:normal;font-weight:600\">Landing Page<\/h2>\n\n\n\n<p>Landing pages allowed us to take visual layouts and designs from email campaigns and translate them into functional, on-brand web pages. I had the opportunity to apply and strengthen my HTML and CSS skills, ensuring the designs were responsive, clean, and visually consistent across devices.<\/p>\n\n\n\n<div style=\"height:37px\" aria-hidden=\"true\" class=\"wp-block-spacer\"><\/div>\n\n\n\n<figure data-wp-context=\"{&quot;imageId&quot;:&quot;69e49bbf19c82&quot;}\" data-wp-interactive=\"core\/image\" class=\"wp-block-image size-full wp-lightbox-container\"><img loading=\"lazy\" decoding=\"async\" width=\"2560\" height=\"1920\" data-wp-class--hide=\"state.isContentHidden\" data-wp-class--show=\"state.isContentVisible\" data-wp-init=\"callbacks.setButtonStyles\" data-wp-on-async--click=\"actions.showLightbox\" data-wp-on-async--load=\"callbacks.setButtonStyles\" data-wp-on-async-window--resize=\"callbacks.setButtonStyles\" src=\"https:\/\/sara-summers.com\/wp-content\/uploads\/2025\/07\/landing-page-mockup-02-scaled.jpg\" alt=\"\" class=\"wp-image-2352\" srcset=\"https:\/\/sara-summers.com\/wp-content\/uploads\/2025\/07\/landing-page-mockup-02-scaled.jpg 2560w, https:\/\/sara-summers.com\/wp-content\/uploads\/2025\/07\/landing-page-mockup-02-800x600.jpg 800w, https:\/\/sara-summers.com\/wp-content\/uploads\/2025\/07\/landing-page-mockup-02-1200x900.jpg 1200w, https:\/\/sara-summers.com\/wp-content\/uploads\/2025\/07\/landing-page-mockup-02-768x576.jpg 768w, https:\/\/sara-summers.com\/wp-content\/uploads\/2025\/07\/landing-page-mockup-02-1536x1152.jpg 1536w, https:\/\/sara-summers.com\/wp-content\/uploads\/2025\/07\/landing-page-mockup-02-2048x1536.jpg 2048w, https:\/\/sara-summers.com\/wp-content\/uploads\/2025\/07\/landing-page-mockup-02-500x375.jpg 500w, https:\/\/sara-summers.com\/wp-content\/uploads\/2025\/07\/landing-page-mockup-02-1280x960.jpg 1280w, https:\/\/sara-summers.com\/wp-content\/uploads\/2025\/07\/landing-page-mockup-02-1920x1440.jpg 1920w\" sizes=\"auto, (max-width: 2560px) 100vw, 2560px\" \/><button\n\t\t\tclass=\"lightbox-trigger\"\n\t\t\ttype=\"button\"\n\t\t\taria-haspopup=\"dialog\"\n\t\t\taria-label=\"Agrandir l\u2018image\"\n\t\t\tdata-wp-init=\"callbacks.initTriggerButton\"\n\t\t\tdata-wp-on-async--click=\"actions.showLightbox\"\n\t\t\tdata-wp-style--right=\"state.imageButtonRight\"\n\t\t\tdata-wp-style--top=\"state.imageButtonTop\"\n\t\t>\n\t\t\t<svg xmlns=\"http:\/\/www.w3.org\/2000\/svg\" width=\"12\" height=\"12\" fill=\"none\" viewbox=\"0 0 12 12\">\n\t\t\t\t<path fill=\"#fff\" d=\"M2 0a2 2 0 0 0-2 2v2h1.5V2a.5.5 0 0 1 .5-.5h2V0H2Zm2 10.5H2a.5.5 0 0 1-.5-.5V8H0v2a2 2 0 0 0 2 2h2v-1.5ZM8 12v-1.5h2a.5.5 0 0 0 .5-.5V8H12v2a2 2 0 0 1-2 2H8Zm2-12a2 2 0 0 1 2 2v2h-1.5V2a.5.5 0 0 0-.5-.5H8V0h2Z\" \/>\n\t\t\t<\/svg>\n\t\t<\/button><\/figure>\n\n\n\n<div style=\"height:100px\" aria-hidden=\"true\" class=\"wp-block-spacer\"><\/div>\n\n\n\n<h2 class=\"wp-block-heading\" style=\"font-style:normal;font-weight:600\">Infolettres<\/h2>\n\n\n\n<p>While the content was already provided to me, I enjoyed taking every email campaign and trying to make it stand out while sticking to the theme of the product selection. Here&#8217;s an &#8216;electrifying&#8217; example:<\/p>\n\n\n\n<div style=\"height:37px\" aria-hidden=\"true\" class=\"wp-block-spacer\"><\/div>\n\n\n\n<figure data-wp-context=\"{&quot;imageId&quot;:&quot;69e49bbf19fcd&quot;}\" data-wp-interactive=\"core\/image\" class=\"wp-block-image size-full wp-lightbox-container\"><img loading=\"lazy\" decoding=\"async\" width=\"2560\" height=\"1920\" data-wp-class--hide=\"state.isContentHidden\" data-wp-class--show=\"state.isContentVisible\" data-wp-init=\"callbacks.setButtonStyles\" data-wp-on-async--click=\"actions.showLightbox\" data-wp-on-async--load=\"callbacks.setButtonStyles\" data-wp-on-async-window--resize=\"callbacks.setButtonStyles\" src=\"https:\/\/sara-summers.com\/wp-content\/uploads\/2025\/07\/email-campaign-mockup-01-scaled.jpg\" alt=\"\" class=\"wp-image-2376\" srcset=\"https:\/\/sara-summers.com\/wp-content\/uploads\/2025\/07\/email-campaign-mockup-01-scaled.jpg 2560w, https:\/\/sara-summers.com\/wp-content\/uploads\/2025\/07\/email-campaign-mockup-01-800x600.jpg 800w, https:\/\/sara-summers.com\/wp-content\/uploads\/2025\/07\/email-campaign-mockup-01-1200x900.jpg 1200w, https:\/\/sara-summers.com\/wp-content\/uploads\/2025\/07\/email-campaign-mockup-01-768x576.jpg 768w, https:\/\/sara-summers.com\/wp-content\/uploads\/2025\/07\/email-campaign-mockup-01-1536x1152.jpg 1536w, https:\/\/sara-summers.com\/wp-content\/uploads\/2025\/07\/email-campaign-mockup-01-2048x1536.jpg 2048w, https:\/\/sara-summers.com\/wp-content\/uploads\/2025\/07\/email-campaign-mockup-01-500x375.jpg 500w, https:\/\/sara-summers.com\/wp-content\/uploads\/2025\/07\/email-campaign-mockup-01-1280x960.jpg 1280w, https:\/\/sara-summers.com\/wp-content\/uploads\/2025\/07\/email-campaign-mockup-01-1920x1440.jpg 1920w\" sizes=\"auto, (max-width: 2560px) 100vw, 2560px\" \/><button\n\t\t\tclass=\"lightbox-trigger\"\n\t\t\ttype=\"button\"\n\t\t\taria-haspopup=\"dialog\"\n\t\t\taria-label=\"Agrandir l\u2018image\"\n\t\t\tdata-wp-init=\"callbacks.initTriggerButton\"\n\t\t\tdata-wp-on-async--click=\"actions.showLightbox\"\n\t\t\tdata-wp-style--right=\"state.imageButtonRight\"\n\t\t\tdata-wp-style--top=\"state.imageButtonTop\"\n\t\t>\n\t\t\t<svg xmlns=\"http:\/\/www.w3.org\/2000\/svg\" width=\"12\" height=\"12\" fill=\"none\" viewbox=\"0 0 12 12\">\n\t\t\t\t<path fill=\"#fff\" d=\"M2 0a2 2 0 0 0-2 2v2h1.5V2a.5.5 0 0 1 .5-.5h2V0H2Zm2 10.5H2a.5.5 0 0 1-.5-.5V8H0v2a2 2 0 0 0 2 2h2v-1.5ZM8 12v-1.5h2a.5.5 0 0 0 .5-.5V8H12v2a2 2 0 0 1-2 2H8Zm2-12a2 2 0 0 1 2 2v2h-1.5V2a.5.5 0 0 0-.5-.5H8V0h2Z\" \/>\n\t\t\t<\/svg>\n\t\t<\/button><\/figure>","protected":false},"excerpt":{"rendered":"<p>Type of work included in this project &#8211; Flyers, Web banners, Landing Pages, Email Campaigns. Skills Developed &#8211; Meeting Deadlines, Team Collaboration, Time Management, Brand Consistency. I had the privilege of completing my 3 week stage at Tenaquip, and was offered a 6 month contract directly after graduating. I ended up staying a total of [&hellip;]<\/p>","protected":false},"author":1,"featured_media":0,"parent":0,"menu_order":0,"comment_status":"closed","ping_status":"closed","template":"no-menu-footer","meta":{"footnotes":""},"class_list":["post-2331","page","type-page","status-publish","hentry"],"aioseo_notices":[],"_links":{"self":[{"href":"https:\/\/sara-summers.com\/fr\/wp-json\/wp\/v2\/pages\/2331","targetHints":{"allow":["GET"]}}],"collection":[{"href":"https:\/\/sara-summers.com\/fr\/wp-json\/wp\/v2\/pages"}],"about":[{"href":"https:\/\/sara-summers.com\/fr\/wp-json\/wp\/v2\/types\/page"}],"author":[{"embeddable":true,"href":"https:\/\/sara-summers.com\/fr\/wp-json\/wp\/v2\/users\/1"}],"replies":[{"embeddable":true,"href":"https:\/\/sara-summers.com\/fr\/wp-json\/wp\/v2\/comments?post=2331"}],"version-history":[{"count":25,"href":"https:\/\/sara-summers.com\/fr\/wp-json\/wp\/v2\/pages\/2331\/revisions"}],"predecessor-version":[{"id":2408,"href":"https:\/\/sara-summers.com\/fr\/wp-json\/wp\/v2\/pages\/2331\/revisions\/2408"}],"wp:attachment":[{"href":"https:\/\/sara-summers.com\/fr\/wp-json\/wp\/v2\/media?parent=2331"}],"curies":[{"name":"wp","href":"https:\/\/api.w.org\/{rel}","templated":true}]}}